{"id":336,"date":"2023-09-26T07:22:34","date_gmt":"2023-09-26T05:22:34","guid":{"rendered":"http:\/\/pruebas.casinoibiza.com\/gaming-room\/"},"modified":"2026-02-06T13:48:21","modified_gmt":"2026-02-06T12:48:21","slug":"gaming-room","status":"publish","type":"page","link":"https:\/\/casinoibiza.com\/es\/gaming-room\/","title":{"rendered":"Sala de juego"},"content":{"rendered":"\n<p>Viva la emoci\u00f3n en nuestra \u00e1rea de juego. Ruleta Americana, Black Jack y Poker Texas Hold\u2019em no limit cash game. Nuestras instalaciones tambi\u00e9n est\u00e1n preparadas para organizar sesiones especiales para grupos. <br><br>Martes, mi\u00e9rcoles y jueves de 21 a 04H y viernes, s\u00e1bados y v\u00edsperas de festivo de 21 a 05H. Domingo y lunes cerrado.<\/p>\n","protected":false},"excerpt":{"rendered":"<p>Viva la emoci\u00f3n en nuestra \u00e1rea de juego. Ruleta Americana, Black Jack y Poker Texas Hold\u2019em no limit cash game. Nuestras instalaciones tambi\u00e9n est\u00e1n preparadas para organizar sesiones especiales para grupos. Martes, mi\u00e9rcoles y jueves de 21 a 04H y viernes, s\u00e1bados y v\u00edsperas de festivo de 21 a 05H. Domingo y lunes cerrado.<\/p>\n","protected":false},"author":1,"featured_media":0,"parent":0,"menu_order":0,"comment_status":"closed","ping_status":"closed","template":"","meta":{"_acf_changed":false,"footnotes":""},"class_list":["post-336","page","type-page","status-publish","hentry"],"acf":[],"_links":{"self":[{"href":"https:\/\/casinoibiza.com\/es\/wp-json\/wp\/v2\/pages\/336","targetHints":{"allow":["GET"]}}],"collection":[{"href":"https:\/\/casinoibiza.com\/es\/wp-json\/wp\/v2\/pages"}],"about":[{"href":"https:\/\/casinoibiza.com\/es\/wp-json\/wp\/v2\/types\/page"}],"author":[{"embeddable":true,"href":"https:\/\/casinoibiza.com\/es\/wp-json\/wp\/v2\/users\/1"}],"replies":[{"embeddable":true,"href":"https:\/\/casinoibiza.com\/es\/wp-json\/wp\/v2\/comments?post=336"}],"version-history":[{"count":24,"href":"https:\/\/casinoibiza.com\/es\/wp-json\/wp\/v2\/pages\/336\/revisions"}],"predecessor-version":[{"id":1174,"href":"https:\/\/casinoibiza.com\/es\/wp-json\/wp\/v2\/pages\/336\/revisions\/1174"}],"wp:attachment":[{"href":"https:\/\/casinoibiza.com\/es\/wp-json\/wp\/v2\/media?parent=336"}],"curies":[{"name":"wp","href":"https:\/\/api.w.org\/{rel}","templated":true}]}}