{"id":337,"date":"2023-09-26T12:57:43","date_gmt":"2023-09-26T10:57:43","guid":{"rendered":"http:\/\/pruebas.casinoibiza.com\/gastronomy\/"},"modified":"2026-02-06T12:47:15","modified_gmt":"2026-02-06T11:47:15","slug":"gastronomy","status":"publish","type":"page","link":"https:\/\/casinoibiza.com\/es\/gastronomy\/","title":{"rendered":"Gastronom\u00eda"},"content":{"rendered":"\n<p>El final perfecto a las noches de diversi\u00f3n en Ibiza. Abierto todo el a\u00f1o, cuenta con una oferta gastron\u00f3mica dise\u00f1ada para acompa\u00f1ar la emoci\u00f3n del juego de manera relajada hasta altas horas de la madrugada.<\/p>\n","protected":false},"excerpt":{"rendered":"<p>El final perfecto a las noches de diversi\u00f3n en Ibiza. Abierto todo el a\u00f1o, cuenta con una oferta gastron\u00f3mica dise\u00f1ada para acompa\u00f1ar la emoci\u00f3n del juego de manera relajada hasta altas horas de la madrugada.<\/p>\n","protected":false},"author":1,"featured_media":0,"parent":0,"menu_order":0,"comment_status":"closed","ping_status":"closed","template":"","meta":{"_acf_changed":false,"footnotes":""},"class_list":["post-337","page","type-page","status-publish","hentry"],"acf":[],"_links":{"self":[{"href":"https:\/\/casinoibiza.com\/es\/wp-json\/wp\/v2\/pages\/337","targetHints":{"allow":["GET"]}}],"collection":[{"href":"https:\/\/casinoibiza.com\/es\/wp-json\/wp\/v2\/pages"}],"about":[{"href":"https:\/\/casinoibiza.com\/es\/wp-json\/wp\/v2\/types\/page"}],"author":[{"embeddable":true,"href":"https:\/\/casinoibiza.com\/es\/wp-json\/wp\/v2\/users\/1"}],"replies":[{"embeddable":true,"href":"https:\/\/casinoibiza.com\/es\/wp-json\/wp\/v2\/comments?post=337"}],"version-history":[{"count":22,"href":"https:\/\/casinoibiza.com\/es\/wp-json\/wp\/v2\/pages\/337\/revisions"}],"predecessor-version":[{"id":1145,"href":"https:\/\/casinoibiza.com\/es\/wp-json\/wp\/v2\/pages\/337\/revisions\/1145"}],"wp:attachment":[{"href":"https:\/\/casinoibiza.com\/es\/wp-json\/wp\/v2\/media?parent=337"}],"curies":[{"name":"wp","href":"https:\/\/api.w.org\/{rel}","templated":true}]}}