{"id":338,"date":"2023-09-26T09:13:50","date_gmt":"2023-09-26T07:13:50","guid":{"rendered":"http:\/\/pruebas.casinoibiza.com\/slot-machines\/"},"modified":"2026-02-06T13:44:33","modified_gmt":"2026-02-06T12:44:33","slug":"slot-machines","status":"publish","type":"page","link":"https:\/\/casinoibiza.com\/es\/slot-machines\/","title":{"rendered":"Sala de m\u00e1quinas"},"content":{"rendered":"\n<p>Gran variedad de m\u00e1quinas de azar de \u00faltima generaci\u00f3n, en un ambiente exclusivo donde podr\u00e1n elegir entre una librer\u00eda de m\u00e1s de 100 juegos, pudiendo encontrar ruleta americana, black jack, poker y espectaculares premios acumulados.<\/p>\n","protected":false},"excerpt":{"rendered":"<p>Gran variedad de m\u00e1quinas de azar de \u00faltima generaci\u00f3n, en un ambiente exclusivo donde podr\u00e1n elegir entre una librer\u00eda de m\u00e1s de 100 juegos, pudiendo encontrar ruleta americana, black jack, poker y espectaculares premios acumulados.<\/p>\n","protected":false},"author":1,"featured_media":0,"parent":0,"menu_order":0,"comment_status":"closed","ping_status":"closed","template":"","meta":{"_acf_changed":false,"footnotes":""},"class_list":["post-338","page","type-page","status-publish","hentry"],"acf":[],"_links":{"self":[{"href":"https:\/\/casinoibiza.com\/es\/wp-json\/wp\/v2\/pages\/338","targetHints":{"allow":["GET"]}}],"collection":[{"href":"https:\/\/casinoibiza.com\/es\/wp-json\/wp\/v2\/pages"}],"about":[{"href":"https:\/\/casinoibiza.com\/es\/wp-json\/wp\/v2\/types\/page"}],"author":[{"embeddable":true,"href":"https:\/\/casinoibiza.com\/es\/wp-json\/wp\/v2\/users\/1"}],"replies":[{"embeddable":true,"href":"https:\/\/casinoibiza.com\/es\/wp-json\/wp\/v2\/comments?post=338"}],"version-history":[{"count":20,"href":"https:\/\/casinoibiza.com\/es\/wp-json\/wp\/v2\/pages\/338\/revisions"}],"predecessor-version":[{"id":1171,"href":"https:\/\/casinoibiza.com\/es\/wp-json\/wp\/v2\/pages\/338\/revisions\/1171"}],"wp:attachment":[{"href":"https:\/\/casinoibiza.com\/es\/wp-json\/wp\/v2\/media?parent=338"}],"curies":[{"name":"wp","href":"https:\/\/api.w.org\/{rel}","templated":true}]}}