{"id":339,"date":"2023-09-26T12:57:55","date_gmt":"2023-09-26T10:57:55","guid":{"rendered":"http:\/\/pruebas.casinoibiza.com\/about-us\/"},"modified":"2024-07-26T10:01:59","modified_gmt":"2024-07-26T08:01:59","slug":"about-us","status":"publish","type":"page","link":"https:\/\/casinoibiza.com\/es\/about-us\/","title":{"rendered":"Sobre casino"},"content":{"rendered":"\n<p>Con m\u00e1s de 40 a\u00f1os de experiencia, Casino de Ibiza, un casino \u2018ibicenco\u2019, localizado en Ibiza, inspirado por la isla y su cultura, que combina tradici\u00f3n con dise\u00f1o contempor\u00e1neo. Un complejo de ocio nocturno \u00fanico en la isla, situado en plena milla de oro y que forma parte de Ibiza Gran Hotel, que combina lujo, arte y espontaneidad.<\/p>\n","protected":false},"excerpt":{"rendered":"<p>Con m\u00e1s de 40 a\u00f1os de experiencia, Casino de Ibiza, un casino \u2018ibicenco\u2019, localizado en Ibiza, inspirado por la isla y su cultura, que combina tradici\u00f3n con dise\u00f1o contempor\u00e1neo. Un complejo de ocio nocturno \u00fanico en la isla, situado en plena milla de oro y que forma parte de Ibiza Gran Hotel, que combina lujo, [&hellip;]<\/p>\n","protected":false},"author":1,"featured_media":0,"parent":0,"menu_order":0,"comment_status":"closed","ping_status":"closed","template":"","meta":{"_acf_changed":false,"footnotes":""},"class_list":["post-339","page","type-page","status-publish","hentry"],"acf":[],"_links":{"self":[{"href":"https:\/\/casinoibiza.com\/es\/wp-json\/wp\/v2\/pages\/339","targetHints":{"allow":["GET"]}}],"collection":[{"href":"https:\/\/casinoibiza.com\/es\/wp-json\/wp\/v2\/pages"}],"about":[{"href":"https:\/\/casinoibiza.com\/es\/wp-json\/wp\/v2\/types\/page"}],"author":[{"embeddable":true,"href":"https:\/\/casinoibiza.com\/es\/wp-json\/wp\/v2\/users\/1"}],"replies":[{"embeddable":true,"href":"https:\/\/casinoibiza.com\/es\/wp-json\/wp\/v2\/comments?post=339"}],"version-history":[{"count":26,"href":"https:\/\/casinoibiza.com\/es\/wp-json\/wp\/v2\/pages\/339\/revisions"}],"predecessor-version":[{"id":939,"href":"https:\/\/casinoibiza.com\/es\/wp-json\/wp\/v2\/pages\/339\/revisions\/939"}],"wp:attachment":[{"href":"https:\/\/casinoibiza.com\/es\/wp-json\/wp\/v2\/media?parent=339"}],"curies":[{"name":"wp","href":"https:\/\/api.w.org\/{rel}","templated":true}]}}